{"id":2,"date":"2020-07-08T12:39:07","date_gmt":"2020-07-08T12:39:07","guid":{"rendered":"https:\/\/bs-isc.com\/?page_id=2"},"modified":"2020-08-06T18:36:08","modified_gmt":"2020-08-06T16:36:08","slug":"sample-page","status":"publish","type":"page","link":"https:\/\/bs-isc.com\/","title":{"rendered":"Startseite"},"content":{"rendered":"\n<section id=\"einstieg-sec\" class=\"py-5\">\n\t<div class=\"container text-center\">\n\t\t<h2 class=\"mb-5\">Als vertrauensvoller Partner bei den Vereinen und deren sportlich verantwortlichen Managern zu fungieren ist essenziell und unabdingbar<\/h2>\n\t\t<p>B|S International Sports Consulting GbR unterst\u00fctzt Dich von Beginn an einen optimalen Einstieg und ein sehr gutes Standing bei Deinem Wunschverein zu erhalten.<\/p>\n\n\t<\/div>\n<\/section>\n<section id=\"anbieten-sec\" class=\"py-5\">\n\t<div class=\"container\">\n\t\t<div class=\"row\">\n\t\t\t<div class=\"col-12 text-center mb-5\">\n\t\t\t\t<h1>\n\t\t\t\t\tWas wir Dir anbieten<\/h1>\n\t\t\t<\/div>\n\t\t\t<div class=\"col-12 col-md-5 mr-5\">\n\t\t\t\t<h2>Optimales Management<\/h2>\n\t\t\t\tOptimales Management ist die Basis f\u00fcr den Erfolg und die nachhaltige H\u00f6chstleistung unserer Profisportler. Unser Fokus auf bestm\u00f6gliches Management, vollumf\u00e4ngliche Unterst\u00fctzung und optimale Entlastung st\u00e4rkt den Fokus unserer Partner auf das Wesentliche &#8211; die erfolgreiche Arbeit auf dem Spielfeld.\n\n\t\t\t<\/div>\n\t\t\t<div class=\"col-12 col-md-5\">\n\t\t\t\t<h2>Transfervermittlung &amp; Spielervermittlung<\/h2>\n\t\t\t\tB|S International Sports Consulting GbR ist als Transfervermittler und Berater von Sportlern im internationalen Profifu\u00dfball aktiv. Neben unterschiedlichen, internationalen Spielercharakteren, z\u00e4hlen auch Trainerpers\u00f6nlichkeiten zu unseren Klienten. Das Netzwerk von B|S International Sports Consulting GbR besteht ebenfalls aus nationalen, deutschen und internationalen Kontakten zu Profiklubs.\n\n\t\t\t<\/div>\n\t\t<\/div>\n\t<\/div>\n<\/section>\n<section class=\"py-5\" id=\"white-sec\">\n\t<div class=\"overlay\"><\/div>\n\t<div class=\"container\">\n\t\t<div class=\"row\">\n\t\t\t<div class=\"p-5 bg-white ml-auto col-md-5 fadein\">\n\t\t\t\t<h2>Unsere Aufgaben<\/h2>\n\n\t\t\t\t<hr>\n\t\t\t\t<p class=\"mb-3\">\n\t\t\t\t\tWir sehen uns als vertrauensvollen Partner an der Seite unserer Profisportler. Wir entwickeln individuelle Strategien, um die optimale sportliche und pers\u00f6nliche Entwicklung zu erm\u00f6glichen und die Karriere erfolgreich zu planen. Im modernen Zeitalter des Profisports ist es wesentlich und f\u00fcr den sportlichen Erfolg unabdingbar, dass sich der Sportler voll und ganz auf seine Kernaufgabe des Leistungssports konzentriert und fokussiert. Hierbei unterst\u00fctzt B|S International Sports Consulting GbR durch ein innovatives und individuelles Karrieremanagement. Neben dem Transfermanagement und der gemeinsamen Entwicklung kurz-, mittel- und langfristiger Strategien, sind zus\u00e4tzliches Coaching und Consulting, ein optimales Finanzmanagement, Merchandising und Analysen, sowie Beratung zur Pers\u00f6nlichkeitsweiterentwicklung von gro\u00dfer Bedeutung. Hierbei sollte viel Wert auf Vertrauen, Transparenz, faire Verhaltensregeln und Compliance als Voraussetzung einer erfolgreichen Zusammenarbeit existieren.<\/p>\n\n\t\t\t<\/div>\n\t\t<\/div>\n\t<\/div>\n<\/section>\n<section id=\"motivation\" class=\"py-5\">\n\t<div class=\"container\">\n\t\t<div class=\"row align-items-center\">\n\t\t\t<div class=\"col-12 col-md-6\">\n\t\t\t\t<img decoding=\"async\" src=\"\/wp-content\/uploads\/2020\/07\/analysis-3606761_1280.png\" class=\"img-fluid\">\n\t\t\t<\/div>\n\t\t\t<div class=\"col-12 col-md-6 my-3 my-md-0\">\n\t\t\t\t<h2>Deine Ziele sind auch unsere Ziele<\/h2>\n\t\t\t\t<h3>Unser Ziel ist Dein sportlicher, nachhaltiger Erfolg und Deine gesamt\u00f6konomische Sicherheit!<\/h3>\n\t\t\t\t<h3>Sei nicht nur vorne mit dabei sondern mit uns gemeinsam an der Spitze!<\/h3>\n\t\t\t<\/div>\n\t\t<\/div>\n\t<\/div>\n<\/section>\n<section id=\"sec2\" class=\"py-5\">\n\t<div class=\"container text-center\" id=\"about-container\">\n\t\t<h1 class=\"mb-5\">\n\t\t\t\u00dcber Uns<\/h1>\n\t\t<p>Das Beratungsunternehmen B|S International Sports Consulting GbR wurde im Jahr 2020 durch Stephan Bockers und Deniz Sevinc gegr\u00fcndet. Neben einem sehr guten freundschaftlichen Verh\u00e4ltnis und bestehenden Gesch\u00e4ftsbeziehungen als selbstst\u00e4ndige Unternehmer, verbinden beide Gr\u00fcnder die Leidenschaft zum Fu\u00dfball und die Vision, sowohl talentierten Nachwuchsspielern, wie auch gestandene Profis innerhalb der professionellen, pers\u00f6nlichen und individuellen Beratung eine optimale Weiterentwicklung zu erm\u00f6glichen und gr\u00f6sstm\u00f6glichen Erfolg zu realisieren.<\/p>\n\t\t<div class=\"row\">\n\t\t\t<div class=\"col-12 col-md-6 align-items-stretch\">\n\t\t\t\t<img decoding=\"async\" src=\"\/wp-content\/uploads\/2020\/07\/p01.jpg\" class=\"img-fluid\">\n\t\t\t<\/div>\n\t\t\t<div class=\"col-12 col-md-6 my-3 my-md-0\">\n\t\t\t\t<img decoding=\"async\" src=\"\/wp-content\/uploads\/2020\/07\/p03.jpg\" class=\"img-fluid\">\n\t\t\t<\/div>\n\t\t<\/div>\n\t<\/div>\n\t<div class=\"container\">\n\t\t<div class=\"card-group\">\n\t\t\t<div class=\"card mr-5\">\n\t\t\t\t<h3>Sevinc, Deniz<\/h3>\n\t\t\t\t<div class=\"card-body\">\n\t\t\t\t\t<p class=\"card-text\">Deniz ist ein erfolgreicher Unternehmer und Unternehmensgr\u00fcnder aus M\u00f6nchengladbach. U.a. z\u00e4hlt er derzeit zu den erfolgreichsten Sales Business Partnern der PAY TV-Branche in Deutschland. Neben seinen Erfolgen als selbstst\u00e4ndiger Unternehmer, blickt Deniz auf eine erfolgreiche, langj\u00e4hrige Karriere als Profisportler im In- und Ausland zur\u00fcck.\n\t\t\t\t\tDurch seine Erfahrungen als Profispieler ist Deniz bei Vereinen im In- und Ausland bestens vernetzt. Zudem besitzt er hierdurch hervorragende Kompetenzen, um pers\u00f6nliche und individuelle Trainingsstrategien und Trainingsmethoden zu entwickeln, um so den beratenden Sportler gezielt auf physische und psychische Bestleistungen vorzubereiten.<br>\n\t\t\t\t\t<br>\n\t\t\t\t\tDeniz verf\u00fcgt neben Deutsch \u00fcber weitere Sprachkenntnisse in T\u00fcrkisch, Englisch und Niederl\u00e4ndisch.<br>\n\t\t\t\t\t<br>\n\t\t\t\t\tSeine Stationen als Spieler u.a. bei\n\t\t\t\t\t<br>\n\t\t\t\t\tBorussia M\u00f6nchengladbach, Fortuna Sittard, VVV Venlo, Tepecikspor, Galatasaray Istanbul, KFC Uerdingen, Fethiyespor<\/p>\n\n\t\t\t\t<\/div>\n\t\t\t<\/div>\n\t\t\t<div class=\"card card-two\">\n\t\t\t\t<h3>Bockers, Stephan<\/h3>\n\t\t\t\t<div class=\"card-body\">\n\t\t\t\t\t<p class=\"card-text\">Stephan ist studierter Bauingenieur aus M\u00f6nchengladbach und ein sehr erfolgreicher Manager und Berater in der Immobilienbranche. Zu seinen Mandanten geh\u00f6ren hochrangige, teils internationale Immobilienunternehmen und Unternehmen aus dem Finanzsektor.\n\t\t\t\t\tNeben seinen Erfolgen als selbstst\u00e4ndiger Unternehmer, blickt Stephan auf eine erfolgreiche Karriere als Jugendspieler u.a. bei Borussia M\u00f6nchengladbach zur\u00fcck.<br>\n\t\t\t\t\t<br>\n\t\t\t\t\tDurch seine beruflichen Kontakte verf\u00fcgt er \u00fcber ein hervorragendes Netzwerk zu diversen Managern und Unternehmen. Zudem besitzt er hervorragende Kompetenzen der allgemeinen Managementmethodik und Analytik. Zu seinen St\u00e4rken geh\u00f6ren u.a. Motivation, Verhandlungsgeschick und Beratungsleistungen auch Abseits des Spielfeldes. Durch seine Erfahrungen verbindet er modernes Sportlermanagement mit allen erforderlichen Randbedingungen im Leben eines Profisportlers.<br>\n\t\t\t\t\t<br>\n\t\t\t\t\tStephan spricht Deutsch und Englisch.<\/p>\n\n\t\t\t\t<\/div>\n\t\t\t<\/div>\n\t\t<\/div>\n\t<\/div>\n<\/section>\n<section id=\"contact\" class=\"py-5\">\n\t<div class=\"container\">\n\t\t<div class=\"row\">\n\t\t\t<div class=\"col-md-3 col-12\">\n\t\t\t\t<div class=\"mb-4\">\n\t\t\t\t\t<h3 class=\"text-white mb-1\">Owner &amp; Managing Director<\/h3>\n\t\t\t\t\t<h4 class=\"text-white mt-1\">Deniz Sevinc<\/h4>\n\t\t\t\t\t<small class=\"text-white mb-4\"><\/small>\n\t\t\t\t\t<a class=\"text-white d-block\" href=\"tel:+491774121759\"><i class=\"fa fa-phone mr-2\" aria-hidden=\"true\"><\/i>+49 (0) 177 412 175 9<\/a>\n\t\t\t\t\t<a class=\"text-white d-block\" href=\"mailto:sevinc@bs-isc.com\"><i class=\"fa fa-envelope mr-2\" aria-hidden=\"true\"><\/i>sevinc@bs-isc.com<\/a>\n\t\t\t\t<\/div>\n\t\t\t\t<div class=\"mb-4\">\n\t\t\t\t\t<h3 class=\"text-white mb-1\">Owner &amp; Managing Director<\/h3>\n\t\t\t\t\t<h4 class=\"text-white mt-1\">Stephan Bockers<\/h4>\n\t\t\t\t\t<a class=\"text-white d-block\" href=\"tel:+4917622109418\"><i class=\"fa fa-phone mr-2\" aria-hidden=\"true\"><\/i>+49 (0) 176 2210 9418<\/a>\n\t\t\t\t\t<a class=\"text-white d-block\" href=\"mailto:bockers@bs-isc.com\"><i class=\"fa fa-envelope mr-2\" aria-hidden=\"true\"><\/i>bockers@bs-isc.com<\/a>\n\t\t\t\t\t<h3>Anschrift<\/h3>\n\t\t\t\t\t<p class=\"text-white d-block\"><i class=\"fas fa-map-marker-alt mr-2\"><\/i>Heinrich-Pesch-Str. 20, 41239 M\u00f6nchengladbach<\/p>\n\t\t\t\t<\/div>\n\n\t\t\t<\/div>\n\t\t\t<div class=\"col-12 col-md-9\">\n\t\t\t\t<div role=\"form\" class=\"wpcf7\" id=\"wpcf7-f51-o1\" lang=\"de-DE\" dir=\"ltr\">\n<div class=\"screen-reader-response\" role=\"alert\" aria-live=\"polite\"><\/div>\n<form action=\"\/index.php?rest_route=%2Fwp%2Fv2%2Fpages%2F2#wpcf7-f51-o1\" method=\"post\" class=\"wpcf7-form init\" novalidate=\"novalidate\">\n<div style=\"display: none;\">\n<input type=\"hidden\" name=\"_wpcf7\" value=\"51\" \/>\n<input type=\"hidden\" name=\"_wpcf7_version\" value=\"5.2\" \/>\n<input type=\"hidden\" name=\"_wpcf7_locale\" value=\"de_DE_formal\" \/>\n<input type=\"hidden\" name=\"_wpcf7_unit_tag\" value=\"wpcf7-f51-o1\" \/>\n<input type=\"hidden\" name=\"_wpcf7_container_post\" value=\"0\" \/>\n<input type=\"hidden\" name=\"_wpcf7_posted_data_hash\" value=\"\" \/>\n<input type=\"hidden\" name=\"_wpcf7_recaptcha_response\" value=\"\" \/>\n<\/div>\n<p><label> Ihr Name (Pflichtfeld)<br \/>\n    <span class=\"wpcf7-form-control-wrap your-name\"><input type=\"text\" name=\"your-name\" value=\"\" size=\"40\" class=\"wpcf7-form-control wpcf7-text wpcf7-validates-as-required\" aria-required=\"true\" aria-invalid=\"false\" \/><\/span> <\/label><\/p>\n<p><label> Ihre E-Mail-Adresse (Pflichtfeld)<br \/>\n    <span class=\"wpcf7-form-control-wrap your-email\"><input type=\"email\" name=\"your-email\" value=\"\" size=\"40\" class=\"wpcf7-form-control wpcf7-text wpcf7-email wpcf7-validates-as-required wpcf7-validates-as-email\" aria-required=\"true\" aria-invalid=\"false\" \/><\/span> <\/label><\/p>\n<p><label> Betreff<br \/>\n    <span class=\"wpcf7-form-control-wrap your-subject\"><input type=\"text\" name=\"your-subject\" value=\"\" size=\"40\" class=\"wpcf7-form-control wpcf7-text\" aria-invalid=\"false\" \/><\/span> <\/label><\/p>\n<p><label> Ihre Nachricht<br \/>\n    <span class=\"wpcf7-form-control-wrap your-message\"><textarea name=\"your-message\" cols=\"40\" rows=\"10\" class=\"wpcf7-form-control wpcf7-textarea\" aria-invalid=\"false\"><\/textarea><\/span> <\/label><\/p>\n<p><input type=\"submit\" value=\"Senden\" class=\"wpcf7-form-control wpcf7-submit\" \/><\/p>\n<div class=\"wpcf7-response-output\" role=\"alert\" aria-hidden=\"true\"><\/div><\/form><\/div><\/div>\n\t\t<\/div>\n\t<\/div>\n<\/section>\n","protected":false},"excerpt":{"rendered":"<p>Als vertrauensvoller Partner bei den Vereinen und deren sportlich verantwortlichen Managern zu fungieren ist essenziell und unabdingbar B|S International Sports Consulting GbR unterst\u00fctzt Dich von Beginn an einen optimalen Einstieg und ein sehr gutes Standing bei Deinem Wunschverein zu erhalten. Was wir Dir anbieten Optimales Management Optimales Management ist die Basis f\u00fcr den Erfolg und [&hellip;]<\/p>\n","protected":false},"author":1,"featured_media":0,"parent":0,"menu_order":0,"comment_status":"closed","ping_status":"open","template":"fullwidth.php","meta":{"footnotes":""},"class_list":["post-2","page","type-page","status-publish","hentry"],"_links":{"self":[{"href":"https:\/\/bs-isc.com\/index.php?rest_route=\/wp\/v2\/pages\/2","targetHints":{"allow":["GET"]}}],"collection":[{"href":"https:\/\/bs-isc.com\/index.php?rest_route=\/wp\/v2\/pages"}],"about":[{"href":"https:\/\/bs-isc.com\/index.php?rest_route=\/wp\/v2\/types\/page"}],"author":[{"embeddable":true,"href":"https:\/\/bs-isc.com\/index.php?rest_route=\/wp\/v2\/users\/1"}],"replies":[{"embeddable":true,"href":"https:\/\/bs-isc.com\/index.php?rest_route=%2Fwp%2Fv2%2Fcomments&post=2"}],"version-history":[{"count":56,"href":"https:\/\/bs-isc.com\/index.php?rest_route=\/wp\/v2\/pages\/2\/revisions"}],"predecessor-version":[{"id":217,"href":"https:\/\/bs-isc.com\/index.php?rest_route=\/wp\/v2\/pages\/2\/revisions\/217"}],"wp:attachment":[{"href":"https:\/\/bs-isc.com\/index.php?rest_route=%2Fwp%2Fv2%2Fmedia&parent=2"}],"curies":[{"name":"wp","href":"https:\/\/api.w.org\/{rel}","templated":true}]}}